  {"id":98,"date":"2021-07-30T17:22:43","date_gmt":"2021-07-30T17:22:43","guid":{"rendered":"https:\/\/trocaire.edu\/alumni-and-friends\/?page_id=98"},"modified":"2026-04-21T14:23:35","modified_gmt":"2026-04-21T18:23:35","slug":"events","status":"publish","type":"page","link":"https:\/\/trocaire.edu\/alumni-and-friends\/events\/","title":{"rendered":"Events"},"content":{"rendered":"<div class=\"wp-block-image\">\n<figure class=\"aligncenter size-full\"><img loading=\"lazy\" decoding=\"async\" width=\"750\" height=\"652\" src=\"https:\/\/trocaire.edu\/alumni-and-friends\/wp-content\/uploads\/sites\/4\/2026\/02\/8bacdf01-e019-4675-8ce5-58ff5e7a87e5.jpeg\" alt=\"\" class=\"wp-image-930\" srcset=\"https:\/\/trocaire.edu\/alumni-and-friends\/wp-content\/uploads\/sites\/4\/2026\/02\/8bacdf01-e019-4675-8ce5-58ff5e7a87e5.jpeg 750w, https:\/\/trocaire.edu\/alumni-and-friends\/wp-content\/uploads\/sites\/4\/2026\/02\/8bacdf01-e019-4675-8ce5-58ff5e7a87e5-300x261.jpeg 300w\" sizes=\"auto, (max-width: 750px) 100vw, 750px\" \/><\/figure>\n<\/div>\n\n\n<p class=\"has-text-align-center has-text-color has-link-color wp-elements-fc836313e86db39cc3a9d7ff2fa6d4b0\" style=\"color:#857f53;font-size:25px\"><strong>Thursday, April 23, 2026<br>6 pm &#8211; 8 pm<br>The Buffalo Club<\/strong><\/p>\n\n\n\n<div class=\"wp-block-buttons is-content-justification-center is-layout-flex wp-container-core-buttons-is-layout-16018d1d wp-block-buttons-is-layout-flex\">\n<div class=\"wp-block-button\"><a class=\"wp-block-button__link wp-element-button\" href=\"https:\/\/springs26.givesmart.com\/\" target=\"_blank\" rel=\"noreferrer noopener\">REGISTER<\/a><\/div>\n<\/div>\n\n\n\n<hr class=\"wp-block-separator has-alpha-channel-opacity\"\/>\n\n\n\n<h2 class=\"wp-block-heading has-text-align-center\"><a href=\"https:\/\/trocaire.edu\/alumni-and-friends\/wp-content\/uploads\/sites\/4\/2026\/04\/26-0406_20Spring_20Soiree_20Program_20Book-print-rev.pdf.pdf\" target=\"_blank\" rel=\"noreferrer noopener\">View or Download<\/a> the 2026 Spring Soir\u00e9e Program<br><br>Proceeds from the Spring Soir\u00e9e support tuition assistance for Trocaire students<\/h2>\n\n\n<div class=\"wp-block-image\">\n<figure class=\"aligncenter size-full is-resized\"><img loading=\"lazy\" decoding=\"async\" width=\"1700\" height=\"931\" src=\"https:\/\/trocaire.edu\/alumni-and-friends\/wp-content\/uploads\/sites\/4\/2026\/04\/Spring-Soiree_Honoring.jpg\" alt=\"Spring Soire\u0301e Honorees\" class=\"wp-image-964\" style=\"width:1000px\" srcset=\"https:\/\/trocaire.edu\/alumni-and-friends\/wp-content\/uploads\/sites\/4\/2026\/04\/Spring-Soiree_Honoring.jpg 1700w, https:\/\/trocaire.edu\/alumni-and-friends\/wp-content\/uploads\/sites\/4\/2026\/04\/Spring-Soiree_Honoring-300x164.jpg 300w, https:\/\/trocaire.edu\/alumni-and-friends\/wp-content\/uploads\/sites\/4\/2026\/04\/Spring-Soiree_Honoring-1024x561.jpg 1024w, https:\/\/trocaire.edu\/alumni-and-friends\/wp-content\/uploads\/sites\/4\/2026\/04\/Spring-Soiree_Honoring-768x421.jpg 768w, https:\/\/trocaire.edu\/alumni-and-friends\/wp-content\/uploads\/sites\/4\/2026\/04\/Spring-Soiree_Honoring-1536x841.jpg 1536w\" sizes=\"auto, (max-width: 1700px) 100vw, 1700px\" \/><\/figure>\n<\/div>\n\n<div class=\"wp-block-image\">\n<figure class=\"aligncenter size-full is-resized\"><img loading=\"lazy\" decoding=\"async\" width=\"1500\" height=\"2250\" src=\"https:\/\/trocaire.edu\/alumni-and-friends\/wp-content\/uploads\/sites\/4\/2026\/04\/72ff3006-589c-4f20-ac63-4a9864736acb.jpeg\" alt=\"\" class=\"wp-image-992\" style=\"width:1000px\" srcset=\"https:\/\/trocaire.edu\/alumni-and-friends\/wp-content\/uploads\/sites\/4\/2026\/04\/72ff3006-589c-4f20-ac63-4a9864736acb.jpeg 1500w, https:\/\/trocaire.edu\/alumni-and-friends\/wp-content\/uploads\/sites\/4\/2026\/04\/72ff3006-589c-4f20-ac63-4a9864736acb-200x300.jpeg 200w, https:\/\/trocaire.edu\/alumni-and-friends\/wp-content\/uploads\/sites\/4\/2026\/04\/72ff3006-589c-4f20-ac63-4a9864736acb-683x1024.jpeg 683w, https:\/\/trocaire.edu\/alumni-and-friends\/wp-content\/uploads\/sites\/4\/2026\/04\/72ff3006-589c-4f20-ac63-4a9864736acb-768x1152.jpeg 768w, https:\/\/trocaire.edu\/alumni-and-friends\/wp-content\/uploads\/sites\/4\/2026\/04\/72ff3006-589c-4f20-ac63-4a9864736acb-1024x1536.jpeg 1024w, https:\/\/trocaire.edu\/alumni-and-friends\/wp-content\/uploads\/sites\/4\/2026\/04\/72ff3006-589c-4f20-ac63-4a9864736acb-1365x2048.jpeg 1365w\" sizes=\"auto, (max-width: 1500px) 100vw, 1500px\" \/><\/figure>\n<\/div>\n\n\n<hr class=\"wp-block-separator has-alpha-channel-opacity\"\/>\n\n\n\n<h3 class=\"wp-block-heading has-text-align-center\"><a href=\"https:\/\/www.davidmarinophotography.com\/Client-Gallery-Links\/Trocaire-College-2025-Spring-Soiree\/n-2LrF35\" target=\"_blank\" rel=\"noreferrer noopener\">View or Download<\/a> the 2025 Spring Soir\u00e9e Photo Gallery<\/h3>\n\n\n\n<hr class=\"wp-block-separator has-alpha-channel-opacity\"\/>\n\n\n\n<p><\/p>\n","protected":false},"excerpt":{"rendered":"<p>Thursday, April 23, 20266 pm &#8211; 8 pmThe Buffalo Club View or Download the 2026 Spring Soir\u00e9e Program Proceeds from the Spring Soir\u00e9e support tuition assistance for Trocaire students View or Download the 2025 Spring Soir\u00e9e Photo Gallery<\/p>\n","protected":false},"author":2,"featured_media":0,"parent":0,"menu_order":0,"comment_status":"closed","ping_status":"closed","template":"","meta":{"_acf_changed":false,"_oasis_is_in_workflow":0,"_oasis_original":0,"_oasis_task_priority":"","footnotes":""},"class_list":["post-98","page","type-page","status-publish","hentry"],"acf":[],"yoast_head":"<!-- This site is optimized with the Yoast SEO plugin v27.4 - https:\/\/yoast.com\/product\/yoast-seo-wordpress\/ -->\n<title>Events | Ä¢¹½´«Ã½ | Buffalo, NY<\/title>\n<meta name=\"description\" content=\"Find upcoming events at Ä¢¹½´«Ã½ \u2014 alumni gatherings, admissions open houses, community programs, and more in Buffalo, NY.\" \/>\n<meta name=\"robots\" content=\"index, follow, max-snippet:-1, max-image-preview:large, max-video-preview:-1\" \/>\n<link rel=\"canonical\" href=\"https:\/\/trocaire.edu\/alumni-and-friends\/events\/\" \/>\n<meta property=\"og:locale\" content=\"en_US\" \/>\n<meta property=\"og:type\" content=\"article\" \/>\n<meta property=\"og:title\" content=\"Events | Ä¢¹½´«Ã½ | Buffalo, NY\" \/>\n<meta property=\"og:description\" content=\"Find upcoming events at Ä¢¹½´«Ã½ \u2014 alumni gatherings, admissions open houses, community programs, and more in Buffalo, NY.\" \/>\n<meta property=\"og:url\" content=\"https:\/\/trocaire.edu\/alumni-and-friends\/events\/\" \/>\n<meta property=\"og:site_name\" content=\"Alumni &amp; Friends\" \/>\n<meta property=\"article:modified_time\" content=\"2026-04-21T18:23:35+00:00\" \/>\n<meta property=\"og:image\" content=\"https:\/\/trocaire.edu\/alumni-and-friends\/wp-content\/uploads\/sites\/4\/2026\/02\/8bacdf01-e019-4675-8ce5-58ff5e7a87e5.jpeg\" \/>\n\t<meta property=\"og:image:width\" content=\"750\" \/>\n\t<meta property=\"og:image:height\" content=\"652\" \/>\n\t<meta property=\"og:image:type\" content=\"image\/jpeg\" \/>\n<meta name=\"twitter:card\" content=\"summary_large_image\" \/>\n<meta name=\"twitter:label1\" content=\"Est. reading time\" \/>\n\t<meta name=\"twitter:data1\" content=\"1 minute\" \/>\n<script type=\"application\/ld+json\" class=\"yoast-schema-graph\">{\"@context\":\"https:\\\/\\\/schema.org\",\"@graph\":[{\"@type\":\"WebPage\",\"@id\":\"https:\\\/\\\/trocaire.edu\\\/alumni-and-friends\\\/events\\\/\",\"url\":\"https:\\\/\\\/trocaire.edu\\\/alumni-and-friends\\\/events\\\/\",\"name\":\"Events | Ä¢¹½´«Ã½ | Buffalo, NY\",\"isPartOf\":{\"@id\":\"https:\\\/\\\/trocaire.edu\\\/alumni-and-friends\\\/#website\"},\"primaryImageOfPage\":{\"@id\":\"https:\\\/\\\/trocaire.edu\\\/alumni-and-friends\\\/events\\\/#primaryimage\"},\"image\":{\"@id\":\"https:\\\/\\\/trocaire.edu\\\/alumni-and-friends\\\/events\\\/#primaryimage\"},\"thumbnailUrl\":\"https:\\\/\\\/trocaire.edu\\\/alumni-and-friends\\\/wp-content\\\/uploads\\\/sites\\\/4\\\/2026\\\/02\\\/8bacdf01-e019-4675-8ce5-58ff5e7a87e5.jpeg\",\"datePublished\":\"2021-07-30T17:22:43+00:00\",\"dateModified\":\"2026-04-21T18:23:35+00:00\",\"description\":\"Find upcoming events at Ä¢¹½´«Ã½ \u2014 alumni gatherings, admissions open houses, community programs, and more in Buffalo, NY.\",\"breadcrumb\":{\"@id\":\"https:\\\/\\\/trocaire.edu\\\/alumni-and-friends\\\/events\\\/#breadcrumb\"},\"inLanguage\":\"en-US\",\"potentialAction\":[{\"@type\":\"ReadAction\",\"target\":[\"https:\\\/\\\/trocaire.edu\\\/alumni-and-friends\\\/events\\\/\"]}]},{\"@type\":\"ImageObject\",\"inLanguage\":\"en-US\",\"@id\":\"https:\\\/\\\/trocaire.edu\\\/alumni-and-friends\\\/events\\\/#primaryimage\",\"url\":\"https:\\\/\\\/trocaire.edu\\\/alumni-and-friends\\\/wp-content\\\/uploads\\\/sites\\\/4\\\/2026\\\/02\\\/8bacdf01-e019-4675-8ce5-58ff5e7a87e5.jpeg\",\"contentUrl\":\"https:\\\/\\\/trocaire.edu\\\/alumni-and-friends\\\/wp-content\\\/uploads\\\/sites\\\/4\\\/2026\\\/02\\\/8bacdf01-e019-4675-8ce5-58ff5e7a87e5.jpeg\",\"width\":750,\"height\":652},{\"@type\":\"BreadcrumbList\",\"@id\":\"https:\\\/\\\/trocaire.edu\\\/alumni-and-friends\\\/events\\\/#breadcrumb\",\"itemListElement\":[{\"@type\":\"ListItem\",\"position\":1,\"name\":\"Home\",\"item\":\"https:\\\/\\\/trocaire.edu\\\/alumni-and-friends\\\/\"},{\"@type\":\"ListItem\",\"position\":2,\"name\":\"Events\"}]},{\"@type\":\"WebSite\",\"@id\":\"https:\\\/\\\/trocaire.edu\\\/alumni-and-friends\\\/#website\",\"url\":\"https:\\\/\\\/trocaire.edu\\\/alumni-and-friends\\\/\",\"name\":\"Alumni &amp; Friends\",\"description\":\"Careers of Achievement, Lives of Purpose.\",\"potentialAction\":[{\"@type\":\"SearchAction\",\"target\":{\"@type\":\"EntryPoint\",\"urlTemplate\":\"https:\\\/\\\/trocaire.edu\\\/alumni-and-friends\\\/?s={search_term_string}\"},\"query-input\":{\"@type\":\"PropertyValueSpecification\",\"valueRequired\":true,\"valueName\":\"search_term_string\"}}],\"inLanguage\":\"en-US\"}]}<\/script>\n<!-- \/ Yoast SEO plugin. -->","yoast_head_json":{"title":"Events | Ä¢¹½´«Ã½ | Buffalo, NY","description":"Find upcoming events at Ä¢¹½´«Ã½ \u2014 alumni gatherings, admissions open houses, community programs, and more in Buffalo, NY.","robots":{"index":"index","follow":"follow","max-snippet":"max-snippet:-1","max-image-preview":"max-image-preview:large","max-video-preview":"max-video-preview:-1"},"canonical":"https:\/\/trocaire.edu\/alumni-and-friends\/events\/","og_locale":"en_US","og_type":"article","og_title":"Events | Ä¢¹½´«Ã½ | Buffalo, NY","og_description":"Find upcoming events at Ä¢¹½´«Ã½ \u2014 alumni gatherings, admissions open houses, community programs, and more in Buffalo, NY.","og_url":"https:\/\/trocaire.edu\/alumni-and-friends\/events\/","og_site_name":"Alumni &amp; Friends","article_modified_time":"2026-04-21T18:23:35+00:00","og_image":[{"width":750,"height":652,"url":"https:\/\/trocaire.edu\/alumni-and-friends\/wp-content\/uploads\/sites\/4\/2026\/02\/8bacdf01-e019-4675-8ce5-58ff5e7a87e5.jpeg","type":"image\/jpeg"}],"twitter_card":"summary_large_image","twitter_misc":{"Est. reading time":"1 minute"},"schema":{"@context":"https:\/\/schema.org","@graph":[{"@type":"WebPage","@id":"https:\/\/trocaire.edu\/alumni-and-friends\/events\/","url":"https:\/\/trocaire.edu\/alumni-and-friends\/events\/","name":"Events | Ä¢¹½´«Ã½ | Buffalo, NY","isPartOf":{"@id":"https:\/\/trocaire.edu\/alumni-and-friends\/#website"},"primaryImageOfPage":{"@id":"https:\/\/trocaire.edu\/alumni-and-friends\/events\/#primaryimage"},"image":{"@id":"https:\/\/trocaire.edu\/alumni-and-friends\/events\/#primaryimage"},"thumbnailUrl":"https:\/\/trocaire.edu\/alumni-and-friends\/wp-content\/uploads\/sites\/4\/2026\/02\/8bacdf01-e019-4675-8ce5-58ff5e7a87e5.jpeg","datePublished":"2021-07-30T17:22:43+00:00","dateModified":"2026-04-21T18:23:35+00:00","description":"Find upcoming events at Ä¢¹½´«Ã½ \u2014 alumni gatherings, admissions open houses, community programs, and more in Buffalo, NY.","breadcrumb":{"@id":"https:\/\/trocaire.edu\/alumni-and-friends\/events\/#breadcrumb"},"inLanguage":"en-US","potentialAction":[{"@type":"ReadAction","target":["https:\/\/trocaire.edu\/alumni-and-friends\/events\/"]}]},{"@type":"ImageObject","inLanguage":"en-US","@id":"https:\/\/trocaire.edu\/alumni-and-friends\/events\/#primaryimage","url":"https:\/\/trocaire.edu\/alumni-and-friends\/wp-content\/uploads\/sites\/4\/2026\/02\/8bacdf01-e019-4675-8ce5-58ff5e7a87e5.jpeg","contentUrl":"https:\/\/trocaire.edu\/alumni-and-friends\/wp-content\/uploads\/sites\/4\/2026\/02\/8bacdf01-e019-4675-8ce5-58ff5e7a87e5.jpeg","width":750,"height":652},{"@type":"BreadcrumbList","@id":"https:\/\/trocaire.edu\/alumni-and-friends\/events\/#breadcrumb","itemListElement":[{"@type":"ListItem","position":1,"name":"Home","item":"https:\/\/trocaire.edu\/alumni-and-friends\/"},{"@type":"ListItem","position":2,"name":"Events"}]},{"@type":"WebSite","@id":"https:\/\/trocaire.edu\/alumni-and-friends\/#website","url":"https:\/\/trocaire.edu\/alumni-and-friends\/","name":"Alumni &amp; Friends","description":"Careers of Achievement, Lives of Purpose.","potentialAction":[{"@type":"SearchAction","target":{"@type":"EntryPoint","urlTemplate":"https:\/\/trocaire.edu\/alumni-and-friends\/?s={search_term_string}"},"query-input":{"@type":"PropertyValueSpecification","valueRequired":true,"valueName":"search_term_string"}}],"inLanguage":"en-US"}]}},"_links":{"self":[{"href":"https:\/\/trocaire.edu\/alumni-and-friends\/wp-json\/wp\/v2\/pages\/98","targetHints":{"allow":["GET"]}}],"collection":[{"href":"https:\/\/trocaire.edu\/alumni-and-friends\/wp-json\/wp\/v2\/pages"}],"about":[{"href":"https:\/\/trocaire.edu\/alumni-and-friends\/wp-json\/wp\/v2\/types\/page"}],"author":[{"embeddable":true,"href":"https:\/\/trocaire.edu\/alumni-and-friends\/wp-json\/wp\/v2\/users\/2"}],"replies":[{"embeddable":true,"href":"https:\/\/trocaire.edu\/alumni-and-friends\/wp-json\/wp\/v2\/comments?post=98"}],"version-history":[{"count":4,"href":"https:\/\/trocaire.edu\/alumni-and-friends\/wp-json\/wp\/v2\/pages\/98\/revisions"}],"predecessor-version":[{"id":996,"href":"https:\/\/trocaire.edu\/alumni-and-friends\/wp-json\/wp\/v2\/pages\/98\/revisions\/996"}],"wp:attachment":[{"href":"https:\/\/trocaire.edu\/alumni-and-friends\/wp-json\/wp\/v2\/media?parent=98"}],"curies":[{"name":"wp","href":"https:\/\/api.w.org\/{rel}","templated":true}]}}